{"id":348,"date":"2025-05-16T14:39:23","date_gmt":"2025-05-16T14:39:23","guid":{"rendered":"https:\/\/menteynutricion.es\/?post_type=product&#038;p=348"},"modified":"2025-05-16T14:50:00","modified_gmt":"2025-05-16T14:50:00","slug":"tarifa-bronze","status":"publish","type":"product","link":"https:\/\/menteynutricion.es\/en\/product\/tarifa-bronze\/","title":{"rendered":"Tarifa Bronze"},"content":{"rendered":"<div class=\"elementor-element elementor-element-6d9e258 elementor-widget elementor-widget-text-editor animated fadeInUp\" data-id=\"6d9e258\" data-element_type=\"widget\" data-settings=\"{&quot;_animation&quot;:&quot;fadeInUp&quot;,&quot;_animation_delay&quot;:300}\" data-widget_type=\"text-editor.default\">\n<div class=\"elementor-widget-container\">\n<p>La Tarifa Bronze es el equilibrio perfecto para quienes buscan un plan integral de alimentaci\u00f3n y entrenamiento, con un seguimiento peri\u00f3dico para asegurar que vas por el camino correcto hacia tus objetivos.<\/p>\n<ul>\n<li><b>Plan de alimentaci\u00f3n adaptado<\/b>: Dise\u00f1ado profesionalmente para tus patolog\u00edas, intolerancias y objetivos.<\/li>\n<li><b>Plan de entrenamiento personalizado<\/b>: Rutinas dise\u00f1adas espec\u00edficamente para tus metas y condici\u00f3n f\u00edsica.<\/li>\n<li><b>Seguimiento quincenal<\/b>: Una revisi\u00f3n cada 15 d\u00edas para ajustar y optimizar el plan seg\u00fan tus avances.<\/li>\n<li>No incluye:\n<ul>\n<li>Seguimiento constante fuera de las revisiones quincenales.<\/li>\n<li>Correcci\u00f3n en tiempo real de ejercicios.<\/li>\n<li>Comunicaci\u00f3n directa fuera de los chequeos.<\/li>\n<\/ul>\n<p>La Tarifa Bronze es ideal para aquellos que buscan un soporte m\u00e1s completo, con la combinaci\u00f3n perfecta de alimentaci\u00f3n y ejercicio, sin comprometer la flexibilidad en su rutina diaria. \u00a1Comienza tu transformaci\u00f3n hoy y alcanza tus metas con nosotros!<\/li>\n<\/ul>\n<\/div>\n<\/div>","protected":false},"excerpt":{"rendered":"<p>La Tarifa Bronze es el equilibrio perfecto para quienes buscan un plan integral de alimentaci\u00f3n y entrenamiento, con un seguimiento peri\u00f3dico para asegurar que vas por el camino correcto hacia tus objetivos. Plan de alimentaci\u00f3n adaptado: Dise\u00f1ado profesionalmente para tus patolog\u00edas, intolerancias y objetivos. Plan de entrenamiento personalizado: Rutinas dise\u00f1adas espec\u00edficamente para tus metas y [&hellip;]<\/p>","protected":false},"featured_media":56,"comment_status":"open","ping_status":"closed","template":"","meta":[],"product_brand":[],"product_cat":[17],"product_tag":[],"class_list":{"0":"post-348","1":"product","2":"type-product","3":"status-publish","4":"has-post-thumbnail","6":"product_cat-uncategorized","8":"first","9":"instock","10":"shipping-taxable","11":"purchasable","12":"product-type-variable"},"yoast_head":"<!-- This site is optimized with the Yoast SEO plugin v24.4 - https:\/\/yoast.com\/wordpress\/plugins\/seo\/ -->\n<title>Tarifa Bronze - menteynutricion.es<\/title>\n<meta name=\"robots\" content=\"index, follow, max-snippet:-1, max-image-preview:large, max-video-preview:-1\" \/>\n<link rel=\"canonical\" href=\"https:\/\/menteynutricion.es\/en\/product\/tarifa-bronze\/\" \/>\n<meta property=\"og:locale\" content=\"en_US\" \/>\n<meta property=\"og:type\" content=\"article\" \/>\n<meta property=\"og:title\" content=\"Tarifa Bronze - menteynutricion.es\" \/>\n<meta property=\"og:description\" content=\"La Tarifa Bronze es el equilibrio perfecto para quienes buscan un plan integral de alimentaci\u00f3n y entrenamiento, con un seguimiento peri\u00f3dico para asegurar que vas por el camino correcto hacia tus objetivos. Plan de alimentaci\u00f3n adaptado: Dise\u00f1ado profesionalmente para tus patolog\u00edas, intolerancias y objetivos. Plan de entrenamiento personalizado: Rutinas dise\u00f1adas espec\u00edficamente para tus metas y [&hellip;]\" \/>\n<meta property=\"og:url\" content=\"https:\/\/menteynutricion.es\/en\/product\/tarifa-bronze\/\" \/>\n<meta property=\"og:site_name\" content=\"menteynutricion.es\" \/>\n<meta property=\"article:modified_time\" content=\"2025-05-16T14:50:00+00:00\" \/>\n<meta property=\"og:image\" content=\"https:\/\/menteynutricion.es\/wp-content\/uploads\/2025\/03\/healthy-greek-salad-in-alternative-version-for-peo-resize.jpg\" \/>\n\t<meta property=\"og:image:width\" content=\"1000\" \/>\n\t<meta property=\"og:image:height\" content=\"667\" \/>\n\t<meta property=\"og:image:type\" content=\"image\/jpeg\" \/>\n<meta name=\"twitter:card\" content=\"summary_large_image\" \/>\n<meta name=\"twitter:label1\" content=\"Est. reading time\" \/>\n\t<meta name=\"twitter:data1\" content=\"1 minute\" \/>\n<script type=\"application\/ld+json\" class=\"yoast-schema-graph\">{\"@context\":\"https:\/\/schema.org\",\"@graph\":[{\"@type\":\"WebPage\",\"@id\":\"https:\/\/menteynutricion.es\/product\/tarifa-bronze\/\",\"url\":\"https:\/\/menteynutricion.es\/product\/tarifa-bronze\/\",\"name\":\"Tarifa Bronze - menteynutricion.es\",\"isPartOf\":{\"@id\":\"https:\/\/menteynutricion.es\/#website\"},\"primaryImageOfPage\":{\"@id\":\"https:\/\/menteynutricion.es\/product\/tarifa-bronze\/#primaryimage\"},\"image\":{\"@id\":\"https:\/\/menteynutricion.es\/product\/tarifa-bronze\/#primaryimage\"},\"thumbnailUrl\":\"https:\/\/menteynutricion.es\/wp-content\/uploads\/2025\/03\/healthy-greek-salad-in-alternative-version-for-peo-resize.jpg\",\"datePublished\":\"2025-05-16T14:39:23+00:00\",\"dateModified\":\"2025-05-16T14:50:00+00:00\",\"breadcrumb\":{\"@id\":\"https:\/\/menteynutricion.es\/product\/tarifa-bronze\/#breadcrumb\"},\"inLanguage\":\"en-US\",\"potentialAction\":[{\"@type\":\"ReadAction\",\"target\":[\"https:\/\/menteynutricion.es\/product\/tarifa-bronze\/\"]}]},{\"@type\":\"ImageObject\",\"inLanguage\":\"en-US\",\"@id\":\"https:\/\/menteynutricion.es\/product\/tarifa-bronze\/#primaryimage\",\"url\":\"https:\/\/menteynutricion.es\/wp-content\/uploads\/2025\/03\/healthy-greek-salad-in-alternative-version-for-peo-resize.jpg\",\"contentUrl\":\"https:\/\/menteynutricion.es\/wp-content\/uploads\/2025\/03\/healthy-greek-salad-in-alternative-version-for-peo-resize.jpg\",\"width\":1000,\"height\":667},{\"@type\":\"BreadcrumbList\",\"@id\":\"https:\/\/menteynutricion.es\/product\/tarifa-bronze\/#breadcrumb\",\"itemListElement\":[{\"@type\":\"ListItem\",\"position\":1,\"name\":\"Home\",\"item\":\"https:\/\/menteynutricion.es\/en\/\"},{\"@type\":\"ListItem\",\"position\":2,\"name\":\"Tarifas\",\"item\":\"https:\/\/menteynutricion.es\/tarifas\/\"},{\"@type\":\"ListItem\",\"position\":3,\"name\":\"Tarifa Bronze\"}]},{\"@type\":\"WebSite\",\"@id\":\"https:\/\/menteynutricion.es\/#website\",\"url\":\"https:\/\/menteynutricion.es\/\",\"name\":\"menteynutricion.es\",\"description\":\"\",\"potentialAction\":[{\"@type\":\"SearchAction\",\"target\":{\"@type\":\"EntryPoint\",\"urlTemplate\":\"https:\/\/menteynutricion.es\/?s={search_term_string}\"},\"query-input\":{\"@type\":\"PropertyValueSpecification\",\"valueRequired\":true,\"valueName\":\"search_term_string\"}}],\"inLanguage\":\"en-US\"}]}<\/script>\n<!-- \/ Yoast SEO plugin. -->","yoast_head_json":{"title":"Tarifa Bronze - menteynutricion.es","robots":{"index":"index","follow":"follow","max-snippet":"max-snippet:-1","max-image-preview":"max-image-preview:large","max-video-preview":"max-video-preview:-1"},"canonical":"https:\/\/menteynutricion.es\/en\/product\/tarifa-bronze\/","og_locale":"en_US","og_type":"article","og_title":"Tarifa Bronze - menteynutricion.es","og_description":"La Tarifa Bronze es el equilibrio perfecto para quienes buscan un plan integral de alimentaci\u00f3n y entrenamiento, con un seguimiento peri\u00f3dico para asegurar que vas por el camino correcto hacia tus objetivos. Plan de alimentaci\u00f3n adaptado: Dise\u00f1ado profesionalmente para tus patolog\u00edas, intolerancias y objetivos. Plan de entrenamiento personalizado: Rutinas dise\u00f1adas espec\u00edficamente para tus metas y [&hellip;]","og_url":"https:\/\/menteynutricion.es\/en\/product\/tarifa-bronze\/","og_site_name":"menteynutricion.es","article_modified_time":"2025-05-16T14:50:00+00:00","og_image":[{"width":1000,"height":667,"url":"https:\/\/menteynutricion.es\/wp-content\/uploads\/2025\/03\/healthy-greek-salad-in-alternative-version-for-peo-resize.jpg","type":"image\/jpeg"}],"twitter_card":"summary_large_image","twitter_misc":{"Est. reading time":"1 minute"},"schema":{"@context":"https:\/\/schema.org","@graph":[{"@type":"WebPage","@id":"https:\/\/menteynutricion.es\/product\/tarifa-bronze\/","url":"https:\/\/menteynutricion.es\/product\/tarifa-bronze\/","name":"Tarifa Bronze - menteynutricion.es","isPartOf":{"@id":"https:\/\/menteynutricion.es\/#website"},"primaryImageOfPage":{"@id":"https:\/\/menteynutricion.es\/product\/tarifa-bronze\/#primaryimage"},"image":{"@id":"https:\/\/menteynutricion.es\/product\/tarifa-bronze\/#primaryimage"},"thumbnailUrl":"https:\/\/menteynutricion.es\/wp-content\/uploads\/2025\/03\/healthy-greek-salad-in-alternative-version-for-peo-resize.jpg","datePublished":"2025-05-16T14:39:23+00:00","dateModified":"2025-05-16T14:50:00+00:00","breadcrumb":{"@id":"https:\/\/menteynutricion.es\/product\/tarifa-bronze\/#breadcrumb"},"inLanguage":"en-US","potentialAction":[{"@type":"ReadAction","target":["https:\/\/menteynutricion.es\/product\/tarifa-bronze\/"]}]},{"@type":"ImageObject","inLanguage":"en-US","@id":"https:\/\/menteynutricion.es\/product\/tarifa-bronze\/#primaryimage","url":"https:\/\/menteynutricion.es\/wp-content\/uploads\/2025\/03\/healthy-greek-salad-in-alternative-version-for-peo-resize.jpg","contentUrl":"https:\/\/menteynutricion.es\/wp-content\/uploads\/2025\/03\/healthy-greek-salad-in-alternative-version-for-peo-resize.jpg","width":1000,"height":667},{"@type":"BreadcrumbList","@id":"https:\/\/menteynutricion.es\/product\/tarifa-bronze\/#breadcrumb","itemListElement":[{"@type":"ListItem","position":1,"name":"Home","item":"https:\/\/menteynutricion.es\/en\/"},{"@type":"ListItem","position":2,"name":"Tarifas","item":"https:\/\/menteynutricion.es\/tarifas\/"},{"@type":"ListItem","position":3,"name":"Tarifa Bronze"}]},{"@type":"WebSite","@id":"https:\/\/menteynutricion.es\/#website","url":"https:\/\/menteynutricion.es\/","name":"menteynutricion.es","description":"","potentialAction":[{"@type":"SearchAction","target":{"@type":"EntryPoint","urlTemplate":"https:\/\/menteynutricion.es\/?s={search_term_string}"},"query-input":{"@type":"PropertyValueSpecification","valueRequired":true,"valueName":"search_term_string"}}],"inLanguage":"en-US"}]}},"_links":{"self":[{"href":"https:\/\/menteynutricion.es\/en\/wp-json\/wp\/v2\/product\/348","targetHints":{"allow":["GET"]}}],"collection":[{"href":"https:\/\/menteynutricion.es\/en\/wp-json\/wp\/v2\/product"}],"about":[{"href":"https:\/\/menteynutricion.es\/en\/wp-json\/wp\/v2\/types\/product"}],"replies":[{"embeddable":true,"href":"https:\/\/menteynutricion.es\/en\/wp-json\/wp\/v2\/comments?post=348"}],"wp:featuredmedia":[{"embeddable":true,"href":"https:\/\/menteynutricion.es\/en\/wp-json\/wp\/v2\/media\/56"}],"wp:attachment":[{"href":"https:\/\/menteynutricion.es\/en\/wp-json\/wp\/v2\/media?parent=348"}],"wp:term":[{"taxonomy":"product_brand","embeddable":true,"href":"https:\/\/menteynutricion.es\/en\/wp-json\/wp\/v2\/product_brand?post=348"},{"taxonomy":"product_cat","embeddable":true,"href":"https:\/\/menteynutricion.es\/en\/wp-json\/wp\/v2\/product_cat?post=348"},{"taxonomy":"product_tag","embeddable":true,"href":"https:\/\/menteynutricion.es\/en\/wp-json\/wp\/v2\/product_tag?post=348"}],"curies":[{"name":"wp","href":"https:\/\/api.w.org\/{rel}","templated":true}]}}