{"id":343,"date":"2025-05-16T14:35:18","date_gmt":"2025-05-16T14:35:18","guid":{"rendered":"https:\/\/menteynutricion.es\/?post_type=product&#038;p=343"},"modified":"2025-05-16T14:48:39","modified_gmt":"2025-05-16T14:48:39","slug":"tarifa-silver","status":"publish","type":"product","link":"https:\/\/menteynutricion.es\/en\/product\/tarifa-silver\/","title":{"rendered":"Tarifa Silver"},"content":{"rendered":"<div class=\"elementor-element elementor-element-5d2eda2 elementor-widget elementor-widget-text-editor animated fadeInUp\" data-id=\"5d2eda2\" data-element_type=\"widget\" data-settings=\"{&quot;_animation&quot;:&quot;fadeInUp&quot;,&quot;_animation_delay&quot;:300}\" data-widget_type=\"text-editor.default\">\n<div class=\"elementor-widget-container\">\n<p>La Tarifa Silver es la opci\u00f3n ideal para quienes buscan un servicio completo y continuo, con un enfoque detallado y profesional para garantizar resultados efectivos.<\/p>\n<ul>\n<li><b>Valoraci\u00f3n inicial y estudio detallado:<\/b>\u00a0An\u00e1lisis completo de tus necesidades, objetivos, patolog\u00edas e intolerancias.<\/li>\n<li><b>Plan de alimentaci\u00f3n adaptado:\u00a0<\/b>Dise\u00f1ado espec\u00edficamente para tus metas, teniendo en cuenta tu salud y preferencias.<\/li>\n<li><b>Plan de entrenamiento personalizado:<\/b>\u00a0Ejercicios adaptados a tu nivel y objetivos f\u00edsicos.<\/li>\n<li><b>Seguimiento constante:<\/b>\u00a0Reportes y ajustes continuos a trav\u00e9s de Drive y WhatsApp en horarios concertados.<\/li>\n<li><b>Correcci\u00f3n de ejercicios:<\/b>\u00a0Supervisi\u00f3n t\u00e9cnica para garantizar que realices los movimientos correctamente y evites lesiones.<\/li>\n<\/ul>\n<p><b>Revisiones peri\u00f3dicas:\u00a0<\/b>Evaluaciones para ajustar tu plan seg\u00fan avances y necesidades.<\/p>\n<ul>\n<li><b>Comunicaci\u00f3n directa:<\/b>\u00a0Contacto constante con el equipo para resolver dudas y recibir motivaci\u00f3n.<\/li>\n<li><b>Ajustes estrat\u00e9gicos:<\/b>\u00a0Modificaciones constantes para optimizar tu progreso.<\/li>\n<\/ul>\n<p>Con la Tarifa Silver, tendr\u00e1s un acompa\u00f1amiento integral y personalizado que asegura que cada aspecto de tu transformaci\u00f3n est\u00e9 cuidado al detalle. \u00a1\u00danete ahora y transforma tu estilo de vida con el soporte que necesitas!<\/p>\n<\/div>\n<\/div>","protected":false},"excerpt":{"rendered":"<p>La Tarifa Silver es la opci\u00f3n ideal para quienes buscan un servicio completo y continuo, con un enfoque detallado y profesional para garantizar resultados efectivos. Valoraci\u00f3n inicial y estudio detallado:\u00a0An\u00e1lisis completo de tus necesidades, objetivos, patolog\u00edas e intolerancias. Plan de alimentaci\u00f3n adaptado:\u00a0Dise\u00f1ado espec\u00edficamente para tus metas, teniendo en cuenta tu salud y preferencias. Plan de [&hellip;]<\/p>","protected":false},"featured_media":58,"comment_status":"open","ping_status":"closed","template":"","meta":[],"product_brand":[],"product_cat":[17],"product_tag":[],"class_list":{"0":"post-343","1":"product","2":"type-product","3":"status-publish","4":"has-post-thumbnail","6":"product_cat-uncategorized","8":"first","9":"instock","10":"shipping-taxable","11":"purchasable","12":"product-type-variable"},"yoast_head":"<!-- This site is optimized with the Yoast SEO plugin v24.4 - https:\/\/yoast.com\/wordpress\/plugins\/seo\/ -->\n<title>Tarifa Silver - menteynutricion.es<\/title>\n<meta name=\"robots\" content=\"index, follow, max-snippet:-1, max-image-preview:large, max-video-preview:-1\" \/>\n<link rel=\"canonical\" href=\"https:\/\/menteynutricion.es\/en\/product\/tarifa-silver\/\" \/>\n<meta property=\"og:locale\" content=\"en_US\" \/>\n<meta property=\"og:type\" content=\"article\" \/>\n<meta property=\"og:title\" content=\"Tarifa Silver - menteynutricion.es\" \/>\n<meta property=\"og:description\" content=\"La Tarifa Silver es la opci\u00f3n ideal para quienes buscan un servicio completo y continuo, con un enfoque detallado y profesional para garantizar resultados efectivos. Valoraci\u00f3n inicial y estudio detallado:\u00a0An\u00e1lisis completo de tus necesidades, objetivos, patolog\u00edas e intolerancias. Plan de alimentaci\u00f3n adaptado:\u00a0Dise\u00f1ado espec\u00edficamente para tus metas, teniendo en cuenta tu salud y preferencias. Plan de [&hellip;]\" \/>\n<meta property=\"og:url\" content=\"https:\/\/menteynutricion.es\/en\/product\/tarifa-silver\/\" \/>\n<meta property=\"og:site_name\" content=\"menteynutricion.es\" \/>\n<meta property=\"article:modified_time\" content=\"2025-05-16T14:48:39+00:00\" \/>\n<meta property=\"og:image\" content=\"https:\/\/menteynutricion.es\/wp-content\/uploads\/2025\/03\/healthy-food-concept-resize.jpg\" \/>\n\t<meta property=\"og:image:width\" content=\"1000\" \/>\n\t<meta property=\"og:image:height\" content=\"667\" \/>\n\t<meta property=\"og:image:type\" content=\"image\/jpeg\" \/>\n<meta name=\"twitter:card\" content=\"summary_large_image\" \/>\n<meta name=\"twitter:label1\" content=\"Est. reading time\" \/>\n\t<meta name=\"twitter:data1\" content=\"1 minute\" \/>\n<script type=\"application\/ld+json\" class=\"yoast-schema-graph\">{\"@context\":\"https:\/\/schema.org\",\"@graph\":[{\"@type\":\"WebPage\",\"@id\":\"https:\/\/menteynutricion.es\/en\/product\/tarifa-silver\/\",\"url\":\"https:\/\/menteynutricion.es\/en\/product\/tarifa-silver\/\",\"name\":\"Tarifa Silver - menteynutricion.es\",\"isPartOf\":{\"@id\":\"https:\/\/menteynutricion.es\/#website\"},\"primaryImageOfPage\":{\"@id\":\"https:\/\/menteynutricion.es\/en\/product\/tarifa-silver\/#primaryimage\"},\"image\":{\"@id\":\"https:\/\/menteynutricion.es\/en\/product\/tarifa-silver\/#primaryimage\"},\"thumbnailUrl\":\"https:\/\/menteynutricion.es\/wp-content\/uploads\/2025\/03\/healthy-food-concept-resize.jpg\",\"datePublished\":\"2025-05-16T14:35:18+00:00\",\"dateModified\":\"2025-05-16T14:48:39+00:00\",\"breadcrumb\":{\"@id\":\"https:\/\/menteynutricion.es\/en\/product\/tarifa-silver\/#breadcrumb\"},\"inLanguage\":\"en-US\",\"potentialAction\":[{\"@type\":\"ReadAction\",\"target\":[\"https:\/\/menteynutricion.es\/en\/product\/tarifa-silver\/\"]}]},{\"@type\":\"ImageObject\",\"inLanguage\":\"en-US\",\"@id\":\"https:\/\/menteynutricion.es\/en\/product\/tarifa-silver\/#primaryimage\",\"url\":\"https:\/\/menteynutricion.es\/wp-content\/uploads\/2025\/03\/healthy-food-concept-resize.jpg\",\"contentUrl\":\"https:\/\/menteynutricion.es\/wp-content\/uploads\/2025\/03\/healthy-food-concept-resize.jpg\",\"width\":1000,\"height\":667},{\"@type\":\"BreadcrumbList\",\"@id\":\"https:\/\/menteynutricion.es\/en\/product\/tarifa-silver\/#breadcrumb\",\"itemListElement\":[{\"@type\":\"ListItem\",\"position\":1,\"name\":\"Home\",\"item\":\"https:\/\/menteynutricion.es\/en\/\"},{\"@type\":\"ListItem\",\"position\":2,\"name\":\"Tarifas\",\"item\":\"https:\/\/menteynutricion.es\/tarifas\/\"},{\"@type\":\"ListItem\",\"position\":3,\"name\":\"Tarifa Silver\"}]},{\"@type\":\"WebSite\",\"@id\":\"https:\/\/menteynutricion.es\/#website\",\"url\":\"https:\/\/menteynutricion.es\/\",\"name\":\"menteynutricion.es\",\"description\":\"\",\"potentialAction\":[{\"@type\":\"SearchAction\",\"target\":{\"@type\":\"EntryPoint\",\"urlTemplate\":\"https:\/\/menteynutricion.es\/?s={search_term_string}\"},\"query-input\":{\"@type\":\"PropertyValueSpecification\",\"valueRequired\":true,\"valueName\":\"search_term_string\"}}],\"inLanguage\":\"en-US\"}]}<\/script>\n<!-- \/ Yoast SEO plugin. -->","yoast_head_json":{"title":"Tarifa Silver - menteynutricion.es","robots":{"index":"index","follow":"follow","max-snippet":"max-snippet:-1","max-image-preview":"max-image-preview:large","max-video-preview":"max-video-preview:-1"},"canonical":"https:\/\/menteynutricion.es\/en\/product\/tarifa-silver\/","og_locale":"en_US","og_type":"article","og_title":"Tarifa Silver - menteynutricion.es","og_description":"La Tarifa Silver es la opci\u00f3n ideal para quienes buscan un servicio completo y continuo, con un enfoque detallado y profesional para garantizar resultados efectivos. Valoraci\u00f3n inicial y estudio detallado:\u00a0An\u00e1lisis completo de tus necesidades, objetivos, patolog\u00edas e intolerancias. Plan de alimentaci\u00f3n adaptado:\u00a0Dise\u00f1ado espec\u00edficamente para tus metas, teniendo en cuenta tu salud y preferencias. Plan de [&hellip;]","og_url":"https:\/\/menteynutricion.es\/en\/product\/tarifa-silver\/","og_site_name":"menteynutricion.es","article_modified_time":"2025-05-16T14:48:39+00:00","og_image":[{"width":1000,"height":667,"url":"https:\/\/menteynutricion.es\/wp-content\/uploads\/2025\/03\/healthy-food-concept-resize.jpg","type":"image\/jpeg"}],"twitter_card":"summary_large_image","twitter_misc":{"Est. reading time":"1 minute"},"schema":{"@context":"https:\/\/schema.org","@graph":[{"@type":"WebPage","@id":"https:\/\/menteynutricion.es\/en\/product\/tarifa-silver\/","url":"https:\/\/menteynutricion.es\/en\/product\/tarifa-silver\/","name":"Tarifa Silver - menteynutricion.es","isPartOf":{"@id":"https:\/\/menteynutricion.es\/#website"},"primaryImageOfPage":{"@id":"https:\/\/menteynutricion.es\/en\/product\/tarifa-silver\/#primaryimage"},"image":{"@id":"https:\/\/menteynutricion.es\/en\/product\/tarifa-silver\/#primaryimage"},"thumbnailUrl":"https:\/\/menteynutricion.es\/wp-content\/uploads\/2025\/03\/healthy-food-concept-resize.jpg","datePublished":"2025-05-16T14:35:18+00:00","dateModified":"2025-05-16T14:48:39+00:00","breadcrumb":{"@id":"https:\/\/menteynutricion.es\/en\/product\/tarifa-silver\/#breadcrumb"},"inLanguage":"en-US","potentialAction":[{"@type":"ReadAction","target":["https:\/\/menteynutricion.es\/en\/product\/tarifa-silver\/"]}]},{"@type":"ImageObject","inLanguage":"en-US","@id":"https:\/\/menteynutricion.es\/en\/product\/tarifa-silver\/#primaryimage","url":"https:\/\/menteynutricion.es\/wp-content\/uploads\/2025\/03\/healthy-food-concept-resize.jpg","contentUrl":"https:\/\/menteynutricion.es\/wp-content\/uploads\/2025\/03\/healthy-food-concept-resize.jpg","width":1000,"height":667},{"@type":"BreadcrumbList","@id":"https:\/\/menteynutricion.es\/en\/product\/tarifa-silver\/#breadcrumb","itemListElement":[{"@type":"ListItem","position":1,"name":"Home","item":"https:\/\/menteynutricion.es\/en\/"},{"@type":"ListItem","position":2,"name":"Tarifas","item":"https:\/\/menteynutricion.es\/tarifas\/"},{"@type":"ListItem","position":3,"name":"Tarifa Silver"}]},{"@type":"WebSite","@id":"https:\/\/menteynutricion.es\/#website","url":"https:\/\/menteynutricion.es\/","name":"menteynutricion.es","description":"","potentialAction":[{"@type":"SearchAction","target":{"@type":"EntryPoint","urlTemplate":"https:\/\/menteynutricion.es\/?s={search_term_string}"},"query-input":{"@type":"PropertyValueSpecification","valueRequired":true,"valueName":"search_term_string"}}],"inLanguage":"en-US"}]}},"_links":{"self":[{"href":"https:\/\/menteynutricion.es\/en\/wp-json\/wp\/v2\/product\/343","targetHints":{"allow":["GET"]}}],"collection":[{"href":"https:\/\/menteynutricion.es\/en\/wp-json\/wp\/v2\/product"}],"about":[{"href":"https:\/\/menteynutricion.es\/en\/wp-json\/wp\/v2\/types\/product"}],"replies":[{"embeddable":true,"href":"https:\/\/menteynutricion.es\/en\/wp-json\/wp\/v2\/comments?post=343"}],"wp:featuredmedia":[{"embeddable":true,"href":"https:\/\/menteynutricion.es\/en\/wp-json\/wp\/v2\/media\/58"}],"wp:attachment":[{"href":"https:\/\/menteynutricion.es\/en\/wp-json\/wp\/v2\/media?parent=343"}],"wp:term":[{"taxonomy":"product_brand","embeddable":true,"href":"https:\/\/menteynutricion.es\/en\/wp-json\/wp\/v2\/product_brand?post=343"},{"taxonomy":"product_cat","embeddable":true,"href":"https:\/\/menteynutricion.es\/en\/wp-json\/wp\/v2\/product_cat?post=343"},{"taxonomy":"product_tag","embeddable":true,"href":"https:\/\/menteynutricion.es\/en\/wp-json\/wp\/v2\/product_tag?post=343"}],"curies":[{"name":"wp","href":"https:\/\/api.w.org\/{rel}","templated":true}]}}