{"id":338,"date":"2025-05-16T14:34:24","date_gmt":"2025-05-16T14:34:24","guid":{"rendered":"https:\/\/menteynutricion.es\/?post_type=product&#038;p=338"},"modified":"2025-05-16T14:53:01","modified_gmt":"2025-05-16T14:53:01","slug":"tarifa-premium-gold","status":"publish","type":"product","link":"https:\/\/menteynutricion.es\/en\/product\/tarifa-premium-gold\/","title":{"rendered":"Tarifa Premium Gold"},"content":{"rendered":"<div class=\"elementor-element elementor-element-714faa5 elementor-widget elementor-widget-text-editor animated fadeInUp\" data-id=\"714faa5\" data-element_type=\"widget\" data-settings=\"{&quot;_animation&quot;:&quot;fadeInUp&quot;,&quot;_animation_delay&quot;:300}\" data-widget_type=\"text-editor.default\">\n<div class=\"elementor-widget-container\">\n<p>Nuestra Tarifa Premium Gold est\u00e1 dise\u00f1ada para aquellos que buscan un servicio integral y personalizado, con el objetivo de alcanzar sus metas de forma eficiente y saludable, abordando cada detalle que pueda influir en tu bienestar.<\/p>\n<ul>\n<li><b>An\u00e1lisis inicial del cliente:<\/b>\u00a0Evaluaci\u00f3n detallada de tu estado f\u00edsico, metas y contexto.<\/li>\n<li><b>Valoraci\u00f3n personalizada:<\/b>\u00a0Plan dise\u00f1ado exclusivamente para ti.<\/li>\n<li><b>Estudio antropom\u00e9trico:<\/b>\u00a0Seguimiento de tus progresos mediante mediciones precisas.<\/li>\n<li><b>An\u00e1lisis de enfermedades, patolog\u00edas o intolerancias:<\/b>\u00a0Para adaptar cada aspecto del plan a tus necesidades de salud.<\/li>\n<li><b>Revisiones peri\u00f3dicas cada 15 d\u00edas:<\/b>\u00a0Ajustes para garantizar resultados \u00f3ptimos.<\/li>\n<li><b>Plan de alimentaci\u00f3n adaptado:<\/b>\u00a0Dise\u00f1ado por un Master en Nutrici\u00f3n y Psicodiet\u00e9tica.<\/li>\n<li><b>Llamadas o videollamadas peri\u00f3dicas:<\/b>\u00a0Seg\u00fan tus necesidades individuales.<\/li>\n<li><b>Plan de entrenamiento adaptado:<\/b>\u00a0Ejercicios dise\u00f1ados para tus objetivos y condici\u00f3n f\u00edsica.<\/li>\n<li><b>Comunicaci\u00f3n fluida:<\/b>\u00a0A trav\u00e9s de Drive y WhatsApp en horarios concertados.<\/li>\n<li><b>Correcci\u00f3n de ejercicios:<\/b>\u00a0Supervisi\u00f3n para garantizar t\u00e9cnica y seguridad.<\/li>\n<li><b>An\u00e1lisis psicol\u00f3gico:<\/b>\u00a0Realizado por nuestra psicodietista para reforzar tu relaci\u00f3n con la alimentaci\u00f3n y el entrenamiento.<\/li>\n<\/ul>\n<p>Invierte en tu salud y bienestar con la Tarifa Premium Gold. Conf\u00eda en los mejores profesionales para guiarte hacia tus metas, respetando tus necesidades y adapt\u00e1ndonos a tu estilo de vida. \u00a1Cont\u00e1ctanos ahora y empieza a transformar tu vida!<\/p>\n<\/div>\n<\/div>","protected":false},"excerpt":{"rendered":"<p>Nuestra Tarifa Premium Gold est\u00e1 dise\u00f1ada para aquellos que buscan un servicio integral y personalizado, con el objetivo de alcanzar sus metas de forma eficiente y saludable, abordando cada detalle que pueda influir en tu bienestar. An\u00e1lisis inicial del cliente:\u00a0Evaluaci\u00f3n detallada de tu estado f\u00edsico, metas y contexto. Valoraci\u00f3n personalizada:\u00a0Plan dise\u00f1ado exclusivamente para ti. Estudio [&hellip;]<\/p>","protected":false},"featured_media":355,"comment_status":"open","ping_status":"closed","template":"","meta":[],"product_brand":[],"product_cat":[17],"product_tag":[],"class_list":{"0":"post-338","1":"product","2":"type-product","3":"status-publish","4":"has-post-thumbnail","6":"product_cat-uncategorized","8":"first","9":"instock","10":"shipping-taxable","11":"purchasable","12":"product-type-variable"},"yoast_head":"<!-- This site is optimized with the Yoast SEO plugin v24.4 - https:\/\/yoast.com\/wordpress\/plugins\/seo\/ -->\n<title>Tarifa Premium Gold - menteynutricion.es<\/title>\n<meta name=\"robots\" content=\"index, follow, max-snippet:-1, max-image-preview:large, max-video-preview:-1\" \/>\n<link rel=\"canonical\" href=\"https:\/\/menteynutricion.es\/en\/product\/tarifa-premium-gold\/\" \/>\n<meta property=\"og:locale\" content=\"en_US\" \/>\n<meta property=\"og:type\" content=\"article\" \/>\n<meta property=\"og:title\" content=\"Tarifa Premium Gold - menteynutricion.es\" \/>\n<meta property=\"og:description\" content=\"Nuestra Tarifa Premium Gold est\u00e1 dise\u00f1ada para aquellos que buscan un servicio integral y personalizado, con el objetivo de alcanzar sus metas de forma eficiente y saludable, abordando cada detalle que pueda influir en tu bienestar. An\u00e1lisis inicial del cliente:\u00a0Evaluaci\u00f3n detallada de tu estado f\u00edsico, metas y contexto. Valoraci\u00f3n personalizada:\u00a0Plan dise\u00f1ado exclusivamente para ti. Estudio [&hellip;]\" \/>\n<meta property=\"og:url\" content=\"https:\/\/menteynutricion.es\/en\/product\/tarifa-premium-gold\/\" \/>\n<meta property=\"og:site_name\" content=\"menteynutricion.es\" \/>\n<meta property=\"article:modified_time\" content=\"2025-05-16T14:53:01+00:00\" \/>\n<meta property=\"og:image\" content=\"https:\/\/menteynutricion.es\/wp-content\/uploads\/2025\/05\/pexels-janetrangdoan-1092730.jpg\" \/>\n\t<meta property=\"og:image:width\" content=\"2048\" \/>\n\t<meta property=\"og:image:height\" content=\"1536\" \/>\n\t<meta property=\"og:image:type\" content=\"image\/jpeg\" \/>\n<meta name=\"twitter:card\" content=\"summary_large_image\" \/>\n<meta name=\"twitter:label1\" content=\"Est. reading time\" \/>\n\t<meta name=\"twitter:data1\" content=\"2 minutes\" \/>\n<script type=\"application\/ld+json\" class=\"yoast-schema-graph\">{\"@context\":\"https:\/\/schema.org\",\"@graph\":[{\"@type\":\"WebPage\",\"@id\":\"https:\/\/menteynutricion.es\/product\/tarifa-premium-gold\/\",\"url\":\"https:\/\/menteynutricion.es\/product\/tarifa-premium-gold\/\",\"name\":\"Tarifa Premium Gold - menteynutricion.es\",\"isPartOf\":{\"@id\":\"https:\/\/menteynutricion.es\/#website\"},\"primaryImageOfPage\":{\"@id\":\"https:\/\/menteynutricion.es\/product\/tarifa-premium-gold\/#primaryimage\"},\"image\":{\"@id\":\"https:\/\/menteynutricion.es\/product\/tarifa-premium-gold\/#primaryimage\"},\"thumbnailUrl\":\"https:\/\/menteynutricion.es\/wp-content\/uploads\/2025\/05\/pexels-janetrangdoan-1092730.jpg\",\"datePublished\":\"2025-05-16T14:34:24+00:00\",\"dateModified\":\"2025-05-16T14:53:01+00:00\",\"breadcrumb\":{\"@id\":\"https:\/\/menteynutricion.es\/product\/tarifa-premium-gold\/#breadcrumb\"},\"inLanguage\":\"en-US\",\"potentialAction\":[{\"@type\":\"ReadAction\",\"target\":[\"https:\/\/menteynutricion.es\/product\/tarifa-premium-gold\/\"]}]},{\"@type\":\"ImageObject\",\"inLanguage\":\"en-US\",\"@id\":\"https:\/\/menteynutricion.es\/product\/tarifa-premium-gold\/#primaryimage\",\"url\":\"https:\/\/menteynutricion.es\/wp-content\/uploads\/2025\/05\/pexels-janetrangdoan-1092730.jpg\",\"contentUrl\":\"https:\/\/menteynutricion.es\/wp-content\/uploads\/2025\/05\/pexels-janetrangdoan-1092730.jpg\",\"width\":2048,\"height\":1536},{\"@type\":\"BreadcrumbList\",\"@id\":\"https:\/\/menteynutricion.es\/product\/tarifa-premium-gold\/#breadcrumb\",\"itemListElement\":[{\"@type\":\"ListItem\",\"position\":1,\"name\":\"Home\",\"item\":\"https:\/\/menteynutricion.es\/en\/\"},{\"@type\":\"ListItem\",\"position\":2,\"name\":\"Tarifas\",\"item\":\"https:\/\/menteynutricion.es\/tarifas\/\"},{\"@type\":\"ListItem\",\"position\":3,\"name\":\"Tarifa Premium Gold\"}]},{\"@type\":\"WebSite\",\"@id\":\"https:\/\/menteynutricion.es\/#website\",\"url\":\"https:\/\/menteynutricion.es\/\",\"name\":\"menteynutricion.es\",\"description\":\"\",\"potentialAction\":[{\"@type\":\"SearchAction\",\"target\":{\"@type\":\"EntryPoint\",\"urlTemplate\":\"https:\/\/menteynutricion.es\/?s={search_term_string}\"},\"query-input\":{\"@type\":\"PropertyValueSpecification\",\"valueRequired\":true,\"valueName\":\"search_term_string\"}}],\"inLanguage\":\"en-US\"}]}<\/script>\n<!-- \/ Yoast SEO plugin. -->","yoast_head_json":{"title":"Tarifa Premium Gold - menteynutricion.es","robots":{"index":"index","follow":"follow","max-snippet":"max-snippet:-1","max-image-preview":"max-image-preview:large","max-video-preview":"max-video-preview:-1"},"canonical":"https:\/\/menteynutricion.es\/en\/product\/tarifa-premium-gold\/","og_locale":"en_US","og_type":"article","og_title":"Tarifa Premium Gold - menteynutricion.es","og_description":"Nuestra Tarifa Premium Gold est\u00e1 dise\u00f1ada para aquellos que buscan un servicio integral y personalizado, con el objetivo de alcanzar sus metas de forma eficiente y saludable, abordando cada detalle que pueda influir en tu bienestar. An\u00e1lisis inicial del cliente:\u00a0Evaluaci\u00f3n detallada de tu estado f\u00edsico, metas y contexto. Valoraci\u00f3n personalizada:\u00a0Plan dise\u00f1ado exclusivamente para ti. Estudio [&hellip;]","og_url":"https:\/\/menteynutricion.es\/en\/product\/tarifa-premium-gold\/","og_site_name":"menteynutricion.es","article_modified_time":"2025-05-16T14:53:01+00:00","og_image":[{"width":2048,"height":1536,"url":"https:\/\/menteynutricion.es\/wp-content\/uploads\/2025\/05\/pexels-janetrangdoan-1092730.jpg","type":"image\/jpeg"}],"twitter_card":"summary_large_image","twitter_misc":{"Est. reading time":"2 minutes"},"schema":{"@context":"https:\/\/schema.org","@graph":[{"@type":"WebPage","@id":"https:\/\/menteynutricion.es\/product\/tarifa-premium-gold\/","url":"https:\/\/menteynutricion.es\/product\/tarifa-premium-gold\/","name":"Tarifa Premium Gold - menteynutricion.es","isPartOf":{"@id":"https:\/\/menteynutricion.es\/#website"},"primaryImageOfPage":{"@id":"https:\/\/menteynutricion.es\/product\/tarifa-premium-gold\/#primaryimage"},"image":{"@id":"https:\/\/menteynutricion.es\/product\/tarifa-premium-gold\/#primaryimage"},"thumbnailUrl":"https:\/\/menteynutricion.es\/wp-content\/uploads\/2025\/05\/pexels-janetrangdoan-1092730.jpg","datePublished":"2025-05-16T14:34:24+00:00","dateModified":"2025-05-16T14:53:01+00:00","breadcrumb":{"@id":"https:\/\/menteynutricion.es\/product\/tarifa-premium-gold\/#breadcrumb"},"inLanguage":"en-US","potentialAction":[{"@type":"ReadAction","target":["https:\/\/menteynutricion.es\/product\/tarifa-premium-gold\/"]}]},{"@type":"ImageObject","inLanguage":"en-US","@id":"https:\/\/menteynutricion.es\/product\/tarifa-premium-gold\/#primaryimage","url":"https:\/\/menteynutricion.es\/wp-content\/uploads\/2025\/05\/pexels-janetrangdoan-1092730.jpg","contentUrl":"https:\/\/menteynutricion.es\/wp-content\/uploads\/2025\/05\/pexels-janetrangdoan-1092730.jpg","width":2048,"height":1536},{"@type":"BreadcrumbList","@id":"https:\/\/menteynutricion.es\/product\/tarifa-premium-gold\/#breadcrumb","itemListElement":[{"@type":"ListItem","position":1,"name":"Home","item":"https:\/\/menteynutricion.es\/en\/"},{"@type":"ListItem","position":2,"name":"Tarifas","item":"https:\/\/menteynutricion.es\/tarifas\/"},{"@type":"ListItem","position":3,"name":"Tarifa Premium Gold"}]},{"@type":"WebSite","@id":"https:\/\/menteynutricion.es\/#website","url":"https:\/\/menteynutricion.es\/","name":"menteynutricion.es","description":"","potentialAction":[{"@type":"SearchAction","target":{"@type":"EntryPoint","urlTemplate":"https:\/\/menteynutricion.es\/?s={search_term_string}"},"query-input":{"@type":"PropertyValueSpecification","valueRequired":true,"valueName":"search_term_string"}}],"inLanguage":"en-US"}]}},"_links":{"self":[{"href":"https:\/\/menteynutricion.es\/en\/wp-json\/wp\/v2\/product\/338","targetHints":{"allow":["GET"]}}],"collection":[{"href":"https:\/\/menteynutricion.es\/en\/wp-json\/wp\/v2\/product"}],"about":[{"href":"https:\/\/menteynutricion.es\/en\/wp-json\/wp\/v2\/types\/product"}],"replies":[{"embeddable":true,"href":"https:\/\/menteynutricion.es\/en\/wp-json\/wp\/v2\/comments?post=338"}],"wp:featuredmedia":[{"embeddable":true,"href":"https:\/\/menteynutricion.es\/en\/wp-json\/wp\/v2\/media\/355"}],"wp:attachment":[{"href":"https:\/\/menteynutricion.es\/en\/wp-json\/wp\/v2\/media?parent=338"}],"wp:term":[{"taxonomy":"product_brand","embeddable":true,"href":"https:\/\/menteynutricion.es\/en\/wp-json\/wp\/v2\/product_brand?post=338"},{"taxonomy":"product_cat","embeddable":true,"href":"https:\/\/menteynutricion.es\/en\/wp-json\/wp\/v2\/product_cat?post=338"},{"taxonomy":"product_tag","embeddable":true,"href":"https:\/\/menteynutricion.es\/en\/wp-json\/wp\/v2\/product_tag?post=338"}],"curies":[{"name":"wp","href":"https:\/\/api.w.org\/{rel}","templated":true}]}}