{"id":258,"date":"2025-03-18T12:47:51","date_gmt":"2025-03-18T12:47:51","guid":{"rendered":"https:\/\/menteynutricion.es\/?page_id=258"},"modified":"2025-03-18T12:55:21","modified_gmt":"2025-03-18T12:55:21","slug":"aviso-legal","status":"publish","type":"page","link":"https:\/\/menteynutricion.es\/en\/aviso-legal\/","title":{"rendered":"Aviso legal"},"content":{"rendered":"<div data-elementor-type=\"wp-page\" data-elementor-id=\"258\" class=\"elementor elementor-258\" data-elementor-post-type=\"page\">\n\t\t\t\t<div class=\"elementor-element elementor-element-a3801f7 e-flex e-con-boxed e-con e-parent\" data-id=\"a3801f7\" data-element_type=\"container\">\n\t\t\t\t\t<div class=\"e-con-inner\">\n\t\t\t\t<div class=\"elementor-element elementor-element-d40232f elementor-widget elementor-widget-text-editor\" data-id=\"d40232f\" data-element_type=\"widget\" data-widget_type=\"text-editor.default\">\n\t\t\t\t<div class=\"elementor-widget-container\">\n\t\t\t\t\t\t\t\t\t<div class=\"elementor elementor-241\" data-elementor-type=\"wp-page\" data-elementor-id=\"241\" data-elementor-post-type=\"page\"><section class=\"elementor-section elementor-top-section elementor-element elementor-element-65ba46a elementor-section-boxed elementor-section-height-default elementor-section-height-default\" data-id=\"65ba46a\" data-element_type=\"section\"><div class=\"elementor-container elementor-column-gap-default\"><div class=\"elementor-column elementor-col-100 elementor-top-column elementor-element elementor-element-b31db88\" data-id=\"b31db88\" data-element_type=\"column\"><div class=\"elementor-widget-wrap elementor-element-populated\"><div class=\"elementor-element elementor-element-a009d96 elementor-widget elementor-widget-text-editor\" data-id=\"a009d96\" data-element_type=\"widget\" data-widget_type=\"text-editor.default\"><div class=\"elementor-widget-container\"><div data-id=\"0bf4eeb\" data-element_type=\"widget\" data-widget_type=\"text-editor.default\"><div><p><strong>AVISO LEGAL <\/strong><\/p><p><strong>1. DATOS IDENTIFICATIVOS<\/strong><\/p><p>Denominaci\u00f3n social: Agnieszka Elzbieta Bartnik\u00a0 (en adelante responsable)<br \/>Nombre comercial: Agnieszka Elzbieta Bartnik\u00a0<br \/>NIF: X6623459B\u00a0<br \/>Domicilio: Passatge de Porta, 12, Nou Barris, 08016 Barcelona<br \/>e-mail: Healthylife.bcn.es@gmail.com<\/p><p>El responsable, pone a disposici\u00f3n de los usuarios el presente documento, con el que pretende dar cumplimiento a las obligaciones dispuestas en la Ley 34\/2002, de 11 de julio, de Servicios de la Sociedad de la Informaci\u00f3n y del Comercio Electr\u00f3nico (LSSICE), as\u00ed como informar a todos los usuarios del sitio web respecto a cu\u00e1les son las condiciones de uso. Toda persona que acceda a este sitio web asume el papel de usuario, comprometi\u00e9ndose a la observancia y cumplimiento riguroso de las disposiciones aqu\u00ed dispuestas, as\u00ed como a cualquier otra disposici\u00f3n legal que fuera de aplicaci\u00f3n.<\/p><p>El responsable se reserva el derecho de modificar cualquier tipo de informaci\u00f3n que pudiera aparecer en el sitio web, sin que exista obligaci\u00f3n de preavisar o poner en conocimiento de los usuarios dichas obligaciones, entendi\u00e9ndose como suficiente con la publicaci\u00f3n en el sitio web de el responsable.<\/p><p><strong>2. OBJETO<\/strong><\/p><p>A tr<span style=\"color: #333333;\">av\u00e9s del sitio web hecho por<a style=\"color: #333333;\" href=\"https:\/\/cardeseo.com\/\">\u00a0Cardeseo<\/a>, les ofrecemos a los Usuarios la posibilidad de acceder a<\/span> la informaci\u00f3n sobre nuestros servicios.<\/p><p><strong>3. PRIVACIDAD Y TRATAMIENTO DE DATOS<\/strong><\/p><p>Cuando para el acceso a determinados contenidos o servicio sea necesario facilitar datos de car\u00e1cter personal, los Usuarios garantizar\u00e1n su veracidad, exactitud, autenticidad y vigencia. La empresa dar\u00e1 a dichos datos el tratamiento automatizado que corresponda en funci\u00f3n de su naturaleza o finalidad, en los t\u00e9rminos indicados en la secci\u00f3n de Pol\u00edtica de Privacidad.<\/p><p><strong>4. PROPIEDAD INDUSTRIAL E INTELECTUAL<\/strong><\/p><p>El Usuario reconoce y acepta que todos los contenidos que se muestran en el Espacio Web y en especial, dise\u00f1os, textos, im\u00e1genes, logos, iconos, botones, software, nombres comerciales, marcas, o cualesquiera otros signos susceptibles de utilizaci\u00f3n industrial y\/o comercial est\u00e1n sujetos a derechos de Propiedad Intelectual y todas las marcas, nombres comerciales o signos distintivos, todos los derechos de propiedad industrial e intelectual, sobre los contenidos y\/o cualesquiera otros elementos insertados en el p\u00e1gina, que son propiedad exclusiva de la empresa y\/o de terceros, quienes tienen el derecho exclusivo de utilizarlos en el tr\u00e1fico econ\u00f3mico. Por todo ello el Usuario se compromete a no reproducir, copiar, distribuir, poner a disposici\u00f3n o de cualquier otra forma comunicar p\u00fablicamente, transformar o modificar tales contenidos manteniendo indemne a la empresa de cualquier reclamaci\u00f3n que se derive del incumplimiento de tales obligaciones.<\/p><p>En ning\u00fan caso el acceso al Espacio Web implica ning\u00fan tipo de renuncia, transmisi\u00f3n, licencia o cesi\u00f3n total ni parcial de dichos derechos, salvo que se establezca expresamente lo contrario. Las presentes Condiciones Generales de Uso del Espacio Web no confieren a los Usuarios ning\u00fan otro derecho de utilizaci\u00f3n, alteraci\u00f3n, explotaci\u00f3n, reproducci\u00f3n, distribuci\u00f3n o comunicaci\u00f3n p\u00fablica del Espacio Web y\/o de sus Contenidos distintos de los aqu\u00ed expresamente previstos. Cualquier otro uso o explotaci\u00f3n de cualesquiera derechos estar\u00e1 sujeto a la previa y expresa autorizaci\u00f3n espec\u00edficamente otorgada a tal efecto por la empresa o el tercero titular de los derechos afectados.<\/p><p>Los contenidos, textos, fotograf\u00edas, dise\u00f1os, logotipos, im\u00e1genes, programas de ordenador, c\u00f3digos fuente y, en general, cualquier creaci\u00f3n intelectual existente en este Espacio, as\u00ed como el propio Espacio en su conjunto, como obra art\u00edstica multimedia, est\u00e1n protegidos como derechos de autor por la legislaci\u00f3n en materia de propiedad intelectual. La empresa es titular de los elementos que integran el dise\u00f1o gr\u00e1fico del Espacio Web, lo men\u00fas, botones de navegaci\u00f3n, el c\u00f3digo HTML, los textos, im\u00e1genes, texturas, gr\u00e1ficos y cualquier otro contenido del Espacio Web o, en cualquier caso dispone de la correspondiente autorizaci\u00f3n para la utilizaci\u00f3n de dichos elementos. El contenido dispuesto en el Espacio Web no podr\u00e1 ser reproducido ni en todo ni en parte, ni transmitido, ni registrado por ning\u00fan sistema de recuperaci\u00f3n de informaci\u00f3n, en ninguna forma ni en ning\u00fan medio, a menos que se cuente con la autorizaci\u00f3n previa, por escrito, de la citada Entidad.<\/p><p>Asimismo, queda prohibido suprimir, eludir y\/o manipular el \u00abcopyright\u00bb as\u00ed como los dispositivos t\u00e9cnicos de protecci\u00f3n, o cualesquiera mecanismos de informaci\u00f3n que pudieren contener los contenidos. El Usuario de este Espacio Web se compromete a respetar los derechos enunciados y a evitar cualquier actuaci\u00f3n que pudiera perjudicarlos, reserv\u00e1ndose en todo caso la empresa el ejercicio de cuantos medios o acciones legales le correspondan en defensa de sus leg\u00edtimos derechos de propiedad intelectual e industrial.<\/p><p><strong>5. RESPONSABILIDADES<\/strong><\/p><p>No se garantiza el acceso continuado, ni la correcta visualizaci\u00f3n, descarga o utilidad de los elementos e informaciones contenidas en la web que puedan verse impedidos, dificultados o interrumpidos por factores o circunstancias que est\u00e1n fuera de su control. No se hace responsable de las decisiones que pudieran adoptarse como consecuencia del acceso a los contenidos o informaciones ofrecidas.<\/p><p>Se podr\u00e1 interrumpir el servicio, o resolver de modo inmediato la relaci\u00f3n con el Usuario, si se detecta que un uso de su Espacio Web, o de cualquiera de los servicios ofertados en el mismo, es contrario a las presentes Condiciones Generales de Uso. No nos hacemos responsables por da\u00f1os, perjuicios, p\u00e9rdidas, reclamaciones o gastos derivados del uso del Espacio Web.<\/p><p>\u00danicamente ser\u00e1 responsable de eliminar, lo antes posible, los contenidos que puedan generar tales perjuicios, siempre que as\u00ed se notifique.<\/p><p>La empresa excluye cualquier responsabilidad por los da\u00f1os y perjuicios de toda naturaleza que pudieran deberse a la mala utilizaci\u00f3n de los servicios de libre disposici\u00f3n y uso por parte de los Usuarios de Espacio Web. Asimismo queda exonerado de cualquier responsabilidad por el contenido e informaciones que puedan ser recibidas como consecuencia de los formularios de recogida de datos, estando los mismos \u00fanicamente para la prestaci\u00f3n de los servicios de consultas y dudas. Por otro lado, en caso de causar da\u00f1os y perjuicios por un uso il\u00edcito o incorrecto de dichos servicios, podr\u00e1 ser el Usuario reclamado por los da\u00f1os o perjuicios causados.<\/p><p>Usted mantendr\u00e1 a la empresa indemne frente a cualesquiera da\u00f1os y perjuicios que se deriven de reclamaciones, acciones o demandas de terceros como consecuencia de su acceso o uso del Espacio Web. Asimismo, usted se obliga a indemnizar frente a cualesquiera da\u00f1os y perjuicios, que se deriven del uso por su parte de \u201crobots\u201d, \u201cspiders\u201d, \u201ccrawlers\u201d o herramientas similares empleadas con el fin de recabar o extraer datos o de cualquier otra actuaci\u00f3n por su parte que imponga una carga irrazonable sobre el funcionamiento del Espacio Web.<\/p><p><strong>6. HIPERV\u00cdNCULOS<\/strong><\/p><p>El Usuario se obliga a no reproducir de ning\u00fan modo, ni siquiera mediante un hiperenlace o hiperv\u00ednculo, el Espacio Web, as\u00ed como ninguno de sus contenidos, salvo autorizaci\u00f3n expresa y por escrito del responsable del fichero.<\/p><p>El Espacio Web puede incluir enlaces a otros espacios web, gestionados por terceros, con objeto de facilitar el acceso del Usuario a la informaci\u00f3n de empresas colaboradoras y\/o patrocinadoras. Conforme con ello, la sociedad no se responsabiliza del contenido de dichos Espacios web, ni se sit\u00faa en una posici\u00f3n de garante ni\/o de parte ofertante de los servicios y\/o informaci\u00f3n que se puedan ofrecer a terceros a trav\u00e9s de los enlaces de terceros.<\/p><p><strong>7. PROTECCI\u00d3N DE DATOS<\/strong><\/p><p>Para utilizar algunos de los Servicios, el Usuario debe proporcionar previamente ciertos datos de car\u00e1cter personal. La empresa tratar\u00e1 automatizadamente estos datos y aplicar\u00e1 las correspondientes medidas de seguridad, todo ello en cumplimiento del RGPD, LOPDGDD y LSSI. El Usuario puede acceder a la pol\u00edtica seguida en el tratamiento de los datos personales, as\u00ed como el establecimiento de las finalidades previamente establecidas, en las condiciones definidas en la Pol\u00edtica de Privacidad.<\/p><p><strong>8.COOKIES<\/strong><\/p><p>La empresa se reserva el derecho de utilizar la tecnolog\u00eda \u201ccookie\u201d en el Espacio Web, a fin de reconocerlo como Usuario frecuente y personalizar el uso que realice del Espacio Web mediante la preselecci\u00f3n de su idioma, o contenidos m\u00e1s deseados o espec\u00edficos.<br \/>Las cookies recopilan la direcci\u00f3n IP del usuario siendo Google el responsable del tratamiento de esta informaci\u00f3n.<\/p><p>Las cookies son ficheros enviados a un navegador, por medio de un servidor Web, para registrar la navegaci\u00f3n del Usuario en el Espacio Web, cuando el Usuario permita su recepci\u00f3n. Si usted lo desea puede configurar su navegador para ser avisado en pantalla de la recepci\u00f3n de cookies y para impedir la instalaci\u00f3n de cookies en su disco duro. Por favor, consulte las instrucciones y manuales de su navegador para ampliar esta informaci\u00f3n.<\/p><p>Gracias a las cookies, resulta posible que se pueda reconocer el navegador del ordenador utilizado por el Usuario con la finalidad de facilitar contenidos y ofrecer las preferencias de navegaci\u00f3n u publicitarias que el Usuario, a los perfiles demogr\u00e1ficos de los Usuarios as\u00ed como para medir las visitas y par\u00e1metros del tr\u00e1fico, controlar el progreso y n\u00famero de entradas.<\/p><p><strong>9. DECLARACIONES Y GARANT\u00cdAS<\/strong><\/p><p>En general, los contenidos y servicios ofrecidos en el Espacio Web tienen car\u00e1cter meramente informativo. Por consiguiente, al ofrecerlos, no se otorga garant\u00eda ni declaraci\u00f3n alguna en relaci\u00f3n con los contenidos y servicios ofrecidos en el Espacio web, incluyendo, a t\u00edtulo enunciativo, garant\u00edas de licitud, fiabilidad, utilidad, veracidad, exactitud, o comerciabilidad, salvo en la medida en que por ley no puedan excluirse tales declaraciones y garant\u00edas.<\/p><p><strong>10. FUERZA MAYOR<\/strong><\/p><p>La empresa no ser\u00e1 responsable en todo en caso de imposibilidad de prestar servicio, si esta se debe a interrupciones prolongadas del suministro el\u00e9ctrico, l\u00edneas de telecomunicaciones, conflictos sociales, huelgas, rebeli\u00f3n, explosiones, inundaciones, actos y omisiones del Gobierno, y en general todos los supuestos de fuerza mayor o de caso fortuito.<\/p><p><strong>11. RESOLUCI\u00d3N DE CONTROVERSIAS. LEY APLICABLE Y JURISDICCI\u00d3N<\/strong><\/p><p>Las presentes Condiciones Generales de Uso, as\u00ed como el uso del Espacio Web, se regir\u00e1n por la legislaci\u00f3n espa\u00f1ola. Para la resoluci\u00f3n de cualquier controversia las partes se someter\u00e1n a los Juzgados y Tribunales del domicilio social del Responsable del sitio web.<\/p><p>En el supuesto de que cualquier estipulaci\u00f3n de las presentes Condiciones Generales de Uso resultara inexigible o nula en virtud de la legislaci\u00f3n aplicable o como consecuencia de una resoluci\u00f3n judicial o administrativa, dicha inexigibilidad o nulidad no har\u00e1 que las presentes Condiciones Generales de Uso resulten inexigibles o nulas en su conjunto. En dichos casos, la empresa proceder\u00e1 a la modificaci\u00f3n o sustituci\u00f3n de dicha estipulaci\u00f3n por otra que sea v\u00e1lida y exigible y que, en la medida de lo posible, consiga el objetivo y pretensi\u00f3n reflejados en la estipulaci\u00f3n original.<\/p><\/div><\/div><\/div><\/div><\/div><\/div><\/div><\/section><\/div><div class=\"elementor elementor-17 elementor-location-footer\" data-elementor-type=\"footer\" data-elementor-id=\"17\" data-elementor-post-type=\"elementor_library\"><section class=\"elementor-section elementor-top-section elementor-element elementor-element-6b6aa0f0 elementor-section-boxed elementor-section-height-default elementor-section-height-default\" data-id=\"6b6aa0f0\" data-element_type=\"section\"><div class=\"elementor-container elementor-column-gap-default\"><div class=\"elementor-column elementor-col-100 elementor-top-column elementor-element elementor-element-593ca7a9\" data-id=\"593ca7a9\" data-element_type=\"column\"><div class=\"elementor-widget-wrap elementor-element-populated\"><div class=\"elementor-element elementor-element-76584d81 elementor-align-center elementor-widget-mobile__width-inherit elementor-widget elementor-widget-button\" data-id=\"76584d81\" data-element_type=\"widget\" data-widget_type=\"button.default\"><div class=\"elementor-widget-container\"><div class=\"elementor-button-wrapper\">\u00a0<\/div><\/div><\/div><\/div><\/div><\/div><\/section><footer class=\"elementor-section elementor-top-section elementor-element elementor-element-652fdeb8 elementor-section-full_width elementor-section-height-default elementor-section-height-default\" data-id=\"652fdeb8\" data-element_type=\"section\" data-settings=\"{&quot;background_background&quot;:&quot;classic&quot;,&quot;shape_divider_top&quot;:&quot;zigzag&quot;}\"><div class=\"elementor-shape elementor-shape-top\" data-negative=\"false\">\u00a0<\/div><div class=\"elementor-container elementor-column-gap-no\"><div class=\"elementor-column elementor-col-25 elementor-top-column elementor-element elementor-element-40b856a9\" data-id=\"40b856a9\" data-element_type=\"column\"><div class=\"elementor-widget-wrap elementor-element-populated\"><div class=\"elementor-element elementor-element-2aa617b elementor-widget elementor-widget-image\" data-id=\"2aa617b\" data-element_type=\"widget\" data-widget_type=\"image.default\">\u00a0<\/div><\/div><\/div><\/div><\/footer><\/div>\t\t\t\t\t\t\t\t<\/div>\n\t\t\t\t<\/div>\n\t\t\t\t\t<\/div>\n\t\t\t\t<\/div>\n\t\t\t\t<\/div>","protected":false},"excerpt":{"rendered":"<p>AVISO LEGAL 1. DATOS IDENTIFICATIVOS Denominaci\u00f3n social: Agnieszka Elzbieta Bartnik\u00a0 (en adelante responsable)Nombre comercial: Agnieszka Elzbieta Bartnik\u00a0NIF: X6623459B\u00a0Domicilio: Passatge de Porta, 12, Nou Barris, 08016 Barcelonae-mail: Healthylife.bcn.es@gmail.com El responsable, pone a disposici\u00f3n de los usuarios el presente documento, con el que pretende dar cumplimiento a las obligaciones dispuestas en la Ley 34\/2002, de 11 de [&hellip;]<\/p>","protected":false},"author":2,"featured_media":0,"parent":0,"menu_order":0,"comment_status":"closed","ping_status":"closed","template":"elementor_header_footer","meta":{"footnotes":""},"class_list":["post-258","page","type-page","status-publish","hentry"],"yoast_head":"<!-- This site is optimized with the Yoast SEO plugin v24.4 - https:\/\/yoast.com\/wordpress\/plugins\/seo\/ -->\n<title>Aviso legal - menteynutricion.es<\/title>\n<meta name=\"robots\" content=\"index, follow, max-snippet:-1, max-image-preview:large, max-video-preview:-1\" \/>\n<link rel=\"canonical\" href=\"https:\/\/menteynutricion.es\/en\/aviso-legal\/\" \/>\n<meta property=\"og:locale\" content=\"en_US\" \/>\n<meta property=\"og:type\" content=\"article\" \/>\n<meta property=\"og:title\" content=\"Aviso legal - menteynutricion.es\" \/>\n<meta property=\"og:description\" content=\"AVISO LEGAL 1. DATOS IDENTIFICATIVOS Denominaci\u00f3n social: Agnieszka Elzbieta Bartnik\u00a0 (en adelante responsable)Nombre comercial: Agnieszka Elzbieta Bartnik\u00a0NIF: X6623459B\u00a0Domicilio: Passatge de Porta, 12, Nou Barris, 08016 Barcelonae-mail: Healthylife.bcn.es@gmail.com El responsable, pone a disposici\u00f3n de los usuarios el presente documento, con el que pretende dar cumplimiento a las obligaciones dispuestas en la Ley 34\/2002, de 11 de [&hellip;]\" \/>\n<meta property=\"og:url\" content=\"https:\/\/menteynutricion.es\/en\/aviso-legal\/\" \/>\n<meta property=\"og:site_name\" content=\"menteynutricion.es\" \/>\n<meta property=\"article:modified_time\" content=\"2025-03-18T12:55:21+00:00\" \/>\n<meta name=\"twitter:card\" content=\"summary_large_image\" \/>\n<meta name=\"twitter:label1\" content=\"Est. reading time\" \/>\n\t<meta name=\"twitter:data1\" content=\"16 minutes\" \/>\n<script type=\"application\/ld+json\" class=\"yoast-schema-graph\">{\"@context\":\"https:\/\/schema.org\",\"@graph\":[{\"@type\":\"WebPage\",\"@id\":\"https:\/\/menteynutricion.es\/en\/aviso-legal\/\",\"url\":\"https:\/\/menteynutricion.es\/en\/aviso-legal\/\",\"name\":\"Aviso legal - menteynutricion.es\",\"isPartOf\":{\"@id\":\"https:\/\/menteynutricion.es\/#website\"},\"datePublished\":\"2025-03-18T12:47:51+00:00\",\"dateModified\":\"2025-03-18T12:55:21+00:00\",\"breadcrumb\":{\"@id\":\"https:\/\/menteynutricion.es\/en\/aviso-legal\/#breadcrumb\"},\"inLanguage\":\"en-US\",\"potentialAction\":[{\"@type\":\"ReadAction\",\"target\":[\"https:\/\/menteynutricion.es\/en\/aviso-legal\/\"]}]},{\"@type\":\"BreadcrumbList\",\"@id\":\"https:\/\/menteynutricion.es\/en\/aviso-legal\/#breadcrumb\",\"itemListElement\":[{\"@type\":\"ListItem\",\"position\":1,\"name\":\"Home\",\"item\":\"https:\/\/menteynutricion.es\/en\/\"},{\"@type\":\"ListItem\",\"position\":2,\"name\":\"Aviso legal\"}]},{\"@type\":\"WebSite\",\"@id\":\"https:\/\/menteynutricion.es\/#website\",\"url\":\"https:\/\/menteynutricion.es\/\",\"name\":\"menteynutricion.es\",\"description\":\"\",\"potentialAction\":[{\"@type\":\"SearchAction\",\"target\":{\"@type\":\"EntryPoint\",\"urlTemplate\":\"https:\/\/menteynutricion.es\/?s={search_term_string}\"},\"query-input\":{\"@type\":\"PropertyValueSpecification\",\"valueRequired\":true,\"valueName\":\"search_term_string\"}}],\"inLanguage\":\"en-US\"}]}<\/script>\n<!-- \/ Yoast SEO plugin. -->","yoast_head_json":{"title":"Aviso legal - menteynutricion.es","robots":{"index":"index","follow":"follow","max-snippet":"max-snippet:-1","max-image-preview":"max-image-preview:large","max-video-preview":"max-video-preview:-1"},"canonical":"https:\/\/menteynutricion.es\/en\/aviso-legal\/","og_locale":"en_US","og_type":"article","og_title":"Aviso legal - menteynutricion.es","og_description":"AVISO LEGAL 1. DATOS IDENTIFICATIVOS Denominaci\u00f3n social: Agnieszka Elzbieta Bartnik\u00a0 (en adelante responsable)Nombre comercial: Agnieszka Elzbieta Bartnik\u00a0NIF: X6623459B\u00a0Domicilio: Passatge de Porta, 12, Nou Barris, 08016 Barcelonae-mail: Healthylife.bcn.es@gmail.com El responsable, pone a disposici\u00f3n de los usuarios el presente documento, con el que pretende dar cumplimiento a las obligaciones dispuestas en la Ley 34\/2002, de 11 de [&hellip;]","og_url":"https:\/\/menteynutricion.es\/en\/aviso-legal\/","og_site_name":"menteynutricion.es","article_modified_time":"2025-03-18T12:55:21+00:00","twitter_card":"summary_large_image","twitter_misc":{"Est. reading time":"16 minutes"},"schema":{"@context":"https:\/\/schema.org","@graph":[{"@type":"WebPage","@id":"https:\/\/menteynutricion.es\/en\/aviso-legal\/","url":"https:\/\/menteynutricion.es\/en\/aviso-legal\/","name":"Aviso legal - menteynutricion.es","isPartOf":{"@id":"https:\/\/menteynutricion.es\/#website"},"datePublished":"2025-03-18T12:47:51+00:00","dateModified":"2025-03-18T12:55:21+00:00","breadcrumb":{"@id":"https:\/\/menteynutricion.es\/en\/aviso-legal\/#breadcrumb"},"inLanguage":"en-US","potentialAction":[{"@type":"ReadAction","target":["https:\/\/menteynutricion.es\/en\/aviso-legal\/"]}]},{"@type":"BreadcrumbList","@id":"https:\/\/menteynutricion.es\/en\/aviso-legal\/#breadcrumb","itemListElement":[{"@type":"ListItem","position":1,"name":"Home","item":"https:\/\/menteynutricion.es\/en\/"},{"@type":"ListItem","position":2,"name":"Aviso legal"}]},{"@type":"WebSite","@id":"https:\/\/menteynutricion.es\/#website","url":"https:\/\/menteynutricion.es\/","name":"menteynutricion.es","description":"","potentialAction":[{"@type":"SearchAction","target":{"@type":"EntryPoint","urlTemplate":"https:\/\/menteynutricion.es\/?s={search_term_string}"},"query-input":{"@type":"PropertyValueSpecification","valueRequired":true,"valueName":"search_term_string"}}],"inLanguage":"en-US"}]}},"_links":{"self":[{"href":"https:\/\/menteynutricion.es\/en\/wp-json\/wp\/v2\/pages\/258","targetHints":{"allow":["GET"]}}],"collection":[{"href":"https:\/\/menteynutricion.es\/en\/wp-json\/wp\/v2\/pages"}],"about":[{"href":"https:\/\/menteynutricion.es\/en\/wp-json\/wp\/v2\/types\/page"}],"author":[{"embeddable":true,"href":"https:\/\/menteynutricion.es\/en\/wp-json\/wp\/v2\/users\/2"}],"replies":[{"embeddable":true,"href":"https:\/\/menteynutricion.es\/en\/wp-json\/wp\/v2\/comments?post=258"}],"version-history":[{"count":7,"href":"https:\/\/menteynutricion.es\/en\/wp-json\/wp\/v2\/pages\/258\/revisions"}],"predecessor-version":[{"id":271,"href":"https:\/\/menteynutricion.es\/en\/wp-json\/wp\/v2\/pages\/258\/revisions\/271"}],"wp:attachment":[{"href":"https:\/\/menteynutricion.es\/en\/wp-json\/wp\/v2\/media?parent=258"}],"curies":[{"name":"wp","href":"https:\/\/api.w.org\/{rel}","templated":true}]}}